{"id":5707,"date":"2015-02-19T09:48:19","date_gmt":"2015-02-19T09:48:19","guid":{"rendered":"http:\/\/demo2.wpresidence.net\/?page_id=5707"},"modified":"2022-02-26T15:42:04","modified_gmt":"2022-02-26T14:42:04","slug":"contact-us-3","status":"publish","type":"page","link":"https:\/\/lionsimmobilier.com\/index.php\/contact-us-3\/","title":{"rendered":"Contact Us"},"content":{"rendered":"\t\t<div data-elementor-type=\"wp-page\" data-elementor-id=\"5707\" class=\"elementor elementor-5707\">\n\t\t\t\t\t\t\t\t\t<section class=\"elementor-section elementor-top-section elementor-element elementor-element-7cdd8772 elementor-section-boxed elementor-section-height-default elementor-section-height-default\" data-id=\"7cdd8772\" data-element_type=\"section\">\n\t\t\t\t\t\t<div class=\"elementor-container elementor-column-gap-default\">\n\t\t\t\t\t<div class=\"elementor-column elementor-col-100 elementor-top-column elementor-element elementor-element-488ec556\" data-id=\"488ec556\" data-element_type=\"column\">\n\t\t\t<div class=\"elementor-widget-wrap elementor-element-populated\">\n\t\t\t\t\t\t\t\t<div class=\"elementor-element elementor-element-4f2ddd77 elementor-widget elementor-widget-text-editor\" data-id=\"4f2ddd77\" data-element_type=\"widget\" data-widget_type=\"text-editor.default\">\n\t\t\t\t<div class=\"elementor-widget-container\">\n\t\t\t<style>\/*! elementor - v3.6.5 - 27-04-2022 *\/\n.elementor-widget-text-editor.elementor-drop-cap-view-stacked .elementor-drop-cap{background-color:#818a91;color:#fff}.elementor-widget-text-editor.elementor-drop-cap-view-framed .elementor-drop-cap{color:#818a91;border:3px solid;background-color:transparent}.elementor-widget-text-editor:not(.elementor-drop-cap-view-default) .elementor-drop-cap{margin-top:8px}.elementor-widget-text-editor:not(.elementor-drop-cap-view-default) .elementor-drop-cap-letter{width:1em;height:1em}.elementor-widget-text-editor .elementor-drop-cap{float:left;text-align:center;line-height:1;font-size:50px}.elementor-widget-text-editor .elementor-drop-cap-letter{display:inline-block}<\/style>\t\t\t\t<p>Professionnel de l&rsquo;immobilier depuis de nombreuses ann\u00e9es et fort d&rsquo;une belle exp\u00e9rience en local comme \u00e0 l&rsquo;international, LION&rsquo;S IMMO s&rsquo;att\u00e8le aujourd&rsquo;hui \u00e0 offrir un service immobilier complet et innovant. Le sens de notre mission est donc de tenir compte des besoins de plus en plus grandissants et des enjeux \u00e9conomiques de nos clients afin de leur garantir une belle r\u00e9ussite dans leurs investissements.\u00a0 En apportant une vision contemporaine et moderne de l&rsquo;immobilier,\u00a0 nous sommes persuad\u00e9s de pouvoir faire b\u00e9n\u00e9ficier \u00e0 nos clients et nos prospects une v\u00e9ritable exp\u00e9rience alliant professionnalisme et expertise.<\/p>\t\t\t\t\t\t<\/div>\n\t\t\t\t<\/div>\n\t\t\t\t\t<\/div>\n\t\t<\/div>\n\t\t\t\t\t\t\t<\/div>\n\t\t<\/section>\n\t\t\t\t\t\t\t<\/div>\n\t\t","protected":false},"excerpt":{"rendered":"<p>Professionnel de l&rsquo;immobilier depuis de nombreuses ann\u00e9es et fort d&rsquo;une belle exp\u00e9rience en local comme \u00e0 l&rsquo;international, LION&rsquo;S IMMO s&rsquo;att\u00e8le aujourd&rsquo;hui \u00e0 offrir un service immobilier complet et innovant. Le sens de notre mission est donc de tenir compte des besoins de plus en plus grandissants et des enjeux \u00e9conomiques de nos clients afin de leur garantir une belle r\u00e9ussite dans leurs investissements.\u00a0 En &#8230;<\/p>\n","protected":false},"author":1,"featured_media":0,"parent":0,"menu_order":0,"comment_status":"open","ping_status":"open","template":"","meta":{"om_disable_all_campaigns":false,"inline_featured_image":false,"_monsterinsights_skip_tracking":false,"_monsterinsights_sitenote_active":false,"_monsterinsights_sitenote_note":"","_monsterinsights_sitenote_category":0,"_uf_show_specific_survey":0,"_uf_disable_surveys":false,"footnotes":""},"class_list":["post-5707","page","type-page","status-publish","hentry"],"_links":{"self":[{"href":"https:\/\/lionsimmobilier.com\/index.php\/wp-json\/wp\/v2\/pages\/5707","targetHints":{"allow":["GET"]}}],"collection":[{"href":"https:\/\/lionsimmobilier.com\/index.php\/wp-json\/wp\/v2\/pages"}],"about":[{"href":"https:\/\/lionsimmobilier.com\/index.php\/wp-json\/wp\/v2\/types\/page"}],"author":[{"embeddable":true,"href":"https:\/\/lionsimmobilier.com\/index.php\/wp-json\/wp\/v2\/users\/1"}],"replies":[{"embeddable":true,"href":"https:\/\/lionsimmobilier.com\/index.php\/wp-json\/wp\/v2\/comments?post=5707"}],"version-history":[{"count":4,"href":"https:\/\/lionsimmobilier.com\/index.php\/wp-json\/wp\/v2\/pages\/5707\/revisions"}],"predecessor-version":[{"id":22397,"href":"https:\/\/lionsimmobilier.com\/index.php\/wp-json\/wp\/v2\/pages\/5707\/revisions\/22397"}],"wp:attachment":[{"href":"https:\/\/lionsimmobilier.com\/index.php\/wp-json\/wp\/v2\/media?parent=5707"}],"curies":[{"name":"wp","href":"https:\/\/api.w.org\/{rel}","templated":true}]}}